{"id":934,"date":"2024-09-03T07:43:39","date_gmt":"2024-09-03T05:43:39","guid":{"rendered":"https:\/\/staylonger.bamblueapartments.com\/politique-de-cookies\/"},"modified":"2024-09-03T07:43:39","modified_gmt":"2024-09-03T05:43:39","slug":"politique-de-cookies","status":"publish","type":"page","link":"https:\/\/staylonger.bamblueapartments.com\/fr\/politique-de-cookies\/","title":{"rendered":"Politique de cookies"},"content":{"rendered":"<p>Chez <strong>HOTELES TURISTICOS, SA<\/strong>, nous utilisons des cookies dans le but de fournir un meilleur service et de vous offrir une meilleure exp\u00e9rience de navigation. Nous souhaitons vous informer de mani\u00e8re claire et pr\u00e9cise sur les cookies que nous utilisons, en d\u00e9taillant ci-dessous ce qu&rsquo;est un cookie, \u00e0 quoi il sert, quels types de cookies nous utilisons, quelles sont leurs finalit\u00e9s et comment vous pouvez les configurer ou les d\u00e9sactiver si vous le souhaitez. <\/p>\n<p><strong>QUE SONT LES COOKIES?<\/strong><\/p>\n<p>Un cookie est un fichier t\u00e9l\u00e9charg\u00e9 sur votre ordinateur lorsque vous acc\u00e9dez \u00e0 certaines pages Web. Les cookies permettent, entre autres, \u00e0 une page Web de stocker et de r\u00e9cup\u00e9rer des informations sur les habitudes de navigation d&rsquo;un utilisateur ou de son \u00e9quipement et, en fonction des informations qu&rsquo;ils contiennent et de la mani\u00e8re dont il utilise son \u00e9quipement, ils peuvent \u00eatre utilis\u00e9s pour reconna\u00eetre l&rsquo;utilisateur. L&rsquo;ensemble des \u00ab cookies \u00bb de tous nos utilisateurs nous aide \u00e0 am\u00e9liorer la qualit\u00e9 de notre site Web, nous permettant de contr\u00f4ler quelles pages sont utiles, lesquelles ne le sont pas et lesquelles peuvent \u00eatre am\u00e9lior\u00e9es. Les cookies sont essentiels au fonctionnement d&rsquo;Internet, offrant d&rsquo;innombrables avantages dans la fourniture de services interactifs, facilitant la navigation et la convivialit\u00e9 de notre site Web. En aucun cas les cookies ne peuvent nuire \u00e0 votre ordinateur. Au contraire, le fait qu\u2019ils soient actifs nous aide \u00e0 identifier et \u00e0 r\u00e9soudre les erreurs. Les cookies ne vous identifient pas personnellement et ne pr\u00e9sentent aucun risque pour votre ordinateur ou appareil mobile. Ce ne sont pas des virus ou des logiciels espions. Il s&rsquo;agit simplement d&rsquo;outils utilis\u00e9s par les sites Internet que vous visitez pour am\u00e9liorer votre navigation, pour que vos donn\u00e9es circulent en toute s\u00e9curit\u00e9 sur Internet, pour nous aider \u00e0 comprendre quelles informations de notre site Internet sont les plus utiles \u00e0 nos utilisateurs ou pour conna\u00eetre quelles offres peuvent les int\u00e9resser. vous. chaque utilisateur. Et tout cela de mani\u00e8re totalement anonyme : nous ne conna\u00eetrons jamais votre nom, votre adresse ou votre num\u00e9ro de t\u00e9l\u00e9phone \u00e0 moins que vous ne nous les fournissiez. Vous d\u00e9cidez d&rsquo;autoriser ou non les cookies, mais si vous d\u00e9cidez de ne pas les autoriser, vous devez les bloquer dans votre navigateur. Avant de les bloquer, nous souhaitons vous aider \u00e0 mieux comprendre comment les cookies sont utilis\u00e9s. <\/p>\n<p><strong>TYPE DE COOKIES<\/strong><\/p>\n<p>Selon l&rsquo;entit\u00e9 qui les g\u00e8re, les cookies peuvent \u00eatre:<\/p>\n<ul>\n<li><strong>Cookies propres:<\/strong> ce sont ceux qui sont envoy\u00e9s \u00e0 votre ordinateur \u00e0 partir de nos propres ordinateurs ou domaines et \u00e0 partir desquels nous fournissons le service que vous demandez.<\/li>\n<li><strong>Cookies tiers:<\/strong> ce sont ceux qui sont envoy\u00e9s \u00e0 votre ordinateur \u00e0 partir d&rsquo;un ordinateur ou d&rsquo;un domaine qui n&rsquo;est pas g\u00e9r\u00e9 par nous, mais par une autre entit\u00e9 collaboratrice.<br \/>\nEn fonction de la dur\u00e9e pendant laquelle ils restent activ\u00e9s:<\/li>\n<li><strong>Cookies de session:<\/strong> Il s&rsquo;agit de cookies temporaires qui restent dans le fichier cookie de votre navigateur jusqu&rsquo;\u00e0 ce que vous quittiez le site Web, donc aucun n&rsquo;est enregistr\u00e9 sur le disque dur de votre ordinateur. Les informations obtenues gr\u00e2ce \u00e0 ces cookies sont utilis\u00e9es pour analyser les mod\u00e8les de trafic sur le Web. En fin de compte, cela nous permet d&rsquo;offrir une meilleure exp\u00e9rience pour am\u00e9liorer le contenu et la facilit\u00e9 d&rsquo;utilisation.  <\/li>\n<li><strong>Cookies persistants:<\/strong> Ils sont stock\u00e9s sur votre disque dur et notre site Internet les lit \u00e0 chaque nouvelle visite. Un site Web permanent a une date d&rsquo;expiration sp\u00e9cifique. Le cookie cessera de fonctionner apr\u00e8s cette date. Nous utilisons ces cookies, g\u00e9n\u00e9ralement, pour faciliter les services d&rsquo;achat et d&rsquo;inscription.   <\/li>\n<\/ul>\n<p>Selon sa finalit\u00e9:<\/p>\n<ul>\n<li><strong>Cookies techniques:<\/strong> Ce sont ceux n\u00e9cessaires \u00e0 la navigation et au bon fonctionnement de notre site Internet. Ils permettent, par exemple, de contr\u00f4ler le trafic et la communication de donn\u00e9es, d&rsquo;acc\u00e9der \u00e0 des parties \u00e0 acc\u00e8s restreint, d&rsquo;utiliser des \u00e9l\u00e9ments de s\u00e9curit\u00e9, de stocker du contenu pour pouvoir diffuser des vid\u00e9os ou partager du contenu via les r\u00e9seaux sociaux. <\/li>\n<li><strong>Cookies d&rsquo;analyse:<\/strong> Ce sont ceux qui sont trait\u00e9s par nous ou par des tiers, ils nous permettent de quantifier le nombre d&rsquo;utilisateurs et ainsi de r\u00e9aliser la mesure et l&rsquo;analyse statistique de l&rsquo;utilisation faite par les utilisateurs du service propos\u00e9. Pour lequel la navigation sur notre site Internet est analys\u00e9e afin de l&rsquo;am\u00e9liorer. <\/li>\n<li><strong>Cookies de personnalisation:<\/strong> ce sont ceux qui vous permettent d&rsquo;acc\u00e9der au service avec des caract\u00e9ristiques pr\u00e9d\u00e9finies bas\u00e9es sur une s\u00e9rie de crit\u00e8res, tels que la langue, le type de navigateur par lequel on acc\u00e8de au service, la configuration r\u00e9gionale \u00e0 partir de laquelle on acc\u00e8de au service. service, etc<\/li>\n<li><strong>Cookies publicitaires:<\/strong> ce sont ceux qui permettent de g\u00e9rer de la mani\u00e8re la plus efficace possible les espaces publicitaires qui pourraient \u00eatre inclus sur notre site Internet.<\/li>\n<li><strong>Cookies de publicit\u00e9 comportementale:<\/strong> ces cookies stockent des informations sur le comportement des utilisateurs obtenues gr\u00e2ce \u00e0 une observation continue. Gr\u00e2ce \u00e0 eux, nous pouvons conna\u00eetre vos habitudes de navigation sur Internet et vous montrer des publicit\u00e9s li\u00e9es \u00e0 votre profil de navigation. <\/li>\n<\/ul>\n<p><strong>COOKIES DE CONFIGURATION, D\u00c9SACTIVATION, SUPPRESSION OU BLOCAGE<\/strong><\/p>\n<p>Conform\u00e9ment \u00e0 la r\u00e9glementation en vigueur, <strong>HOTELES TUR\u00cdSTICOS, SA<\/strong> informe ses utilisateurs de la mani\u00e8re dont ils peuvent configurer les cookies dans leur navigateur en fonction de leurs pr\u00e9f\u00e9rences de confidentialit\u00e9 et de s\u00e9curit\u00e9 en mati\u00e8re de cookies. Vous pouvez autoriser, bloquer ou supprimer les cookies install\u00e9s sur votre ordinateur en configurant les options de votre navigateur Internet. L&rsquo;utilisateur a la possibilit\u00e9 \u00e0 tout moment de configurer son navigateur pour accepter ou refuser les cookies, ou r\u00e9voquer son consentement pr\u00e9alablement donn\u00e9. Si vous n&rsquo;autorisez pas l&rsquo;installation de cookies dans votre navigateur, vous ne pourrez peut-\u00eatre pas acc\u00e9der \u00e0 certains services et votre exp\u00e9rience sur notre site Web pourra \u00eatre moins satisfaisante. Dans les liens suivants vous disposez de toutes les informations pour configurer ou d\u00e9sactiver vos cookies dans chaque navigateur :<\/p>\n<ul>\n<li>Mozilla Firefox: https:\/\/support.mozilla.org\/es\/kb\/habilitar-y-deshabilitar-cookies-sitios-web-rastrear-preferencias?redirectlocale=es&amp;redirectslug=habilitar-y-deshabilitar-cookies-que-los-sitios-we<\/li>\n<li>Chrome: https:\/\/support.google.com\/chrome\/answer\/95647?hl=es<\/li>\n<li>Internet Explorer: https:\/\/support.microsoft.com\/es-es\/help\/17442\/windows-internet-explorer-delete-manage-cookies<\/li>\n<li>Safari: http:\/\/support.apple.com\/kb\/ph5042<\/li>\n<li>Opera: http:\/\/help.opera.com\/windows\/11.50\/es-es\/cookies.html<\/li>\n<\/ul>\n<p>Chez <strong>HOTELES TUR\u00cdSTICOS, SA<\/strong>, nous ne sauvegardons jamais les donn\u00e9es personnelles de nos utilisateurs, \u00e0 l&rsquo;exception de l&rsquo;adresse IP d\u00e9crite ci-dessus, \u00e0 moins que vous ne souhaitiez vous inscrire volontairement afin d&rsquo;effectuer des achats des produits et services que nous mettons \u00e0 votre disposition. disposition ou pour recevoir des informations sur les promotions et les contenus qui vous int\u00e9ressent. Le fait de naviguer et de continuer sur notre site Internet sans avoir effectu\u00e9 une action positive claire pour laquelle vous donnez votre consentement de mani\u00e8re libre et inform\u00e9e, n&rsquo;impliquera pas votre consentement aux cookies utilis\u00e9s sur ce site Internet, c&rsquo;est-\u00e0-dire en aucun cas le simple Utilisateur. l&rsquo;activit\u00e9 implique la fourniture du consentement lui-m\u00eame, ni la consultation du deuxi\u00e8me niveau de la Politique de Cookies ni la navigation n\u00e9cessaire car l&rsquo;utilisateur g\u00e8re ses pr\u00e9f\u00e9rences en mati\u00e8re de Cookies, sans que ces situations ne constituent une conduite active qui peut conduire \u00e0 l&rsquo;acceptation des Cookies pour lequel le consentement est requis.<\/p>\n<p><strong>RETIRER LE CONSENTEMENT<\/strong><\/p>\n<p>L&rsquo;utilisateur peut \u00e0 tout moment retirer son consentement relatif \u00e0 la Politique de Cookies, et supprimer les cookies stock\u00e9s sur son ordinateur via les param\u00e8tres et configurations de son navigateur Internet, indiqu\u00e9s ci-dessus, ainsi qu&rsquo;en acc\u00e9dant \u00e0 notre panneau de configuration:<\/p>\n<div style=\"margin-bottom: 15px;\">\n<div data-cky-tag=\"revisit-consent\"><button class=\"btn btn-info btn-a cky-btn-revisit\">D\u00e9finir des cookies<\/button><\/div>\n<\/div>\n<p>Cette politique de cookies peut \u00eatre modifi\u00e9e \u00e0 tout moment lorsque la l\u00e9gislation en vigueur l&rsquo;exige ou en cas de variation dans le type de cookies utilis\u00e9s sur le site Web. Par cons\u00e9quent, nous vous recommandons de consulter cette politique chaque fois que vous acc\u00e9dez \u00e0 notre site Web afin d&rsquo;\u00eatre correctement inform\u00e9 sur comment et pourquoi nous utilisons des cookies. <\/p>\n","protected":false},"excerpt":{"rendered":"<p>Chez HOTELES TURISTICOS, SA, nous utilisons des cookies dans le but de fournir un meilleur service et de vous offrir une meilleure exp\u00e9rience de navigation. Nous souhaitons vous informer de mani\u00e8re claire et pr\u00e9cise sur les cookies que nous utilisons, en d\u00e9taillant ci-dessous ce qu&rsquo;est un cookie, \u00e0 quoi il sert, quels types de cookies &#8230; <a title=\"Politique de cookies\" class=\"read-more\" href=\"https:\/\/staylonger.bamblueapartments.com\/fr\/politique-de-cookies\/\" aria-label=\"En savoir plus sur Politique de cookies\">Lire la suite<\/a><\/p>\n","protected":false},"author":1,"featured_media":0,"parent":0,"menu_order":94,"comment_status":"closed","ping_status":"closed","template":"page-basic.php","meta":{"_acf_changed":false,"footnotes":""},"class_list":["post-934","page","type-page","status-publish"],"acf":[],"aioseo_notices":[],"_links":{"self":[{"href":"https:\/\/staylonger.bamblueapartments.com\/fr\/wp-json\/wp\/v2\/pages\/934","targetHints":{"allow":["GET"]}}],"collection":[{"href":"https:\/\/staylonger.bamblueapartments.com\/fr\/wp-json\/wp\/v2\/pages"}],"about":[{"href":"https:\/\/staylonger.bamblueapartments.com\/fr\/wp-json\/wp\/v2\/types\/page"}],"author":[{"embeddable":true,"href":"https:\/\/staylonger.bamblueapartments.com\/fr\/wp-json\/wp\/v2\/users\/1"}],"replies":[{"embeddable":true,"href":"https:\/\/staylonger.bamblueapartments.com\/fr\/wp-json\/wp\/v2\/comments?post=934"}],"version-history":[{"count":0,"href":"https:\/\/staylonger.bamblueapartments.com\/fr\/wp-json\/wp\/v2\/pages\/934\/revisions"}],"wp:attachment":[{"href":"https:\/\/staylonger.bamblueapartments.com\/fr\/wp-json\/wp\/v2\/media?parent=934"}],"curies":[{"name":"wp","href":"https:\/\/api.w.org\/{rel}","templated":true}]}}