{"id":933,"date":"2024-09-03T07:43:22","date_gmt":"2024-09-03T05:43:22","guid":{"rendered":"https:\/\/staylonger.bamblueapartments.com\/politique-de-confidentialite\/"},"modified":"2024-09-03T07:43:22","modified_gmt":"2024-09-03T05:43:22","slug":"politique-de-confidentialite","status":"publish","type":"page","link":"https:\/\/staylonger.bamblueapartments.com\/fr\/politique-de-confidentialite\/","title":{"rendered":"politique de confidentialit\u00e9"},"content":{"rendered":"<p><strong>BAMBLUE BOUTIQUE APARTMENTS INFORME QUE TOUTES LES DONN\u00c9ES PERSONNELLES FOURNIES PAR CE SITE WEB SERONT TRAIT\u00c9ES DE MANI\u00c8RE CONFIDENTIELLE ET CONFORM\u00c9MENT AUX DISPOSITIONS DE LA LOI ORGANIQUE 3\/2018 DU 5 D\u00c9CEMBRE SUR LA PROTECTION DES DONN\u00c9ES PERSONNELLES ET LA GARANTIE DES DROITS DONNEES NUM\u00c9RIQUES, COMME AINSI QUE LE R\u00c8GLEMENT (UE) 2016\/678 DU PARLEMENT EUROP\u00c9EN ET DU CONSEIL DU 27 AVRIL 2016 CONCERNANT LA PROTECTION DES PERSONNES PHYSIQUES \u00c0 L&rsquo;\u00c9GARD DU TRAITEMENT DES DONN\u00c9ES PERSONNELLES ET DE LA LIBRE CIRCULATION DE CES DONN\u00c9ES.<\/strong><\/p>\n<p>Bamblue Boutique Apartments informe que toutes les donn\u00e9es personnelles fournies via ce site Web seront trait\u00e9es de mani\u00e8re confidentielle et conform\u00e9ment aux dispositions de la loi organique 3\/2018 du 5 d\u00e9cembre sur la protection des donn\u00e9es personnelles et la garantie des droits num\u00e9riques, ainsi qu&rsquo;en mati\u00e8re num\u00e9rique. R\u00e8glement (UE) 2016\/678 du Parlement europ\u00e9en et du Conseil du 27 avril 2016 relatif \u00e0 la protection des personnes physiques \u00e0 l&rsquo;\u00e9gard du traitement des donn\u00e9es \u00e0 caract\u00e8re personnel et \u00e0 la libre circulation de ces donn\u00e9es.<\/p>\n<p><strong>Qui est responsable du traitement de vos donn\u00e9es ?<\/strong><br \/>\nLes donn\u00e9es fournies seront trait\u00e9es par HOTELES TUR\u00cdSTICOS, SA avec CIF A08335135 et avec adresse \u00e0 Rambla de Catalunya, 40 &#8211; 08397 Pineda de Mar.<\/p>\n<p><strong>Dans quel but collectons-nous vos donn\u00e9es?<\/strong><br \/>\nNous collectons vos donn\u00e9es personnelles pour g\u00e9rer vos r\u00e9servations en ligne. De m\u00eame, nous pouvons vous envoyer des informations commerciales par courrier \u00e9lectronique concernant nos promotions, actualit\u00e9s et services. <\/p>\n<p><strong>Quelles donn\u00e9es traitons-nous et de quelle source sont-elles obtenues?<\/strong><br \/>\nLes donn\u00e9es d&rsquo;identification trait\u00e9es ; nom et pr\u00e9nom, email, adresse, pays, code postal et num\u00e9ro de t\u00e9l\u00e9phone de contact, sont ceux que l&rsquo;utilisateur fournit via le formulaire de r\u00e9servation.<\/p>\n<p><strong>Quelle est la l\u00e9gitimit\u00e9 juridique du traitement de vos donn\u00e9es?<\/strong><br \/>\nLa base juridique du traitement des donn\u00e9es est l&rsquo;ex\u00e9cution du formulaire sur le site Internet de BA (rubrique \u00ab R\u00e9serve\/Donn\u00e9es personnelles \u00bb). Ce formulaire est rempli par l&rsquo;int\u00e9ress\u00e9 et avec celui-ci, il donne son plein consentement au traitement de ses donn\u00e9es personnelles. Si vous vous opposez et n&rsquo;autorisez pas le traitement de vos donn\u00e9es personnelles, nous ne pourrons pas vous fournir le service de r\u00e9servation en ligne. <\/p>\n<p><strong>Combien de temps conservent-ils vos donn\u00e9es personnelles?<\/strong><br \/>\nLes donn\u00e9es personnelles fournies seront conserv\u00e9es pendant le temps n\u00e9cessaire pour respecter les obligations l\u00e9gales et contractuelles selon la r\u00e9glementation en vigueur \u00e0 tout moment et aussi longtemps que nous vous enverrons des informations commerciales et que l&rsquo;int\u00e9ress\u00e9 ne demandera pas sa suppression ou son opposition.<\/p>\n<p><strong>\u00c0 quels destinataires vos donn\u00e9es seront-elles communiqu\u00e9es?<\/strong><br \/>\nNous ne transf\u00e9rerons pas vos donn\u00e9es personnelles \u00e0 des tiers, sauf dans les cas o\u00f9 nous y sommes oblig\u00e9s par la loi ou si vous nous y autorisez. Afin de vous fournir un service ad\u00e9quat, BA peut partager vos donn\u00e9es avec des fournisseurs de confiance. <strong>Quels sont les droits des utilisateurs ?<\/strong><br \/>\nSi vous le souhaitez, vous pouvez r\u00e9voquer le consentement donn\u00e9 et\/ou exercer vos droits d&rsquo;acc\u00e8s, de rectification, de suppression, d&rsquo;opposition, de limitation du traitement et\/ou de portabilit\u00e9 des donn\u00e9es en \u00e9crivant par courrier \u00e9lectronique. <a href=\"mailto:hola@bamblueapartments.com\">hola@bamblueapartments.com<\/a>. <\/p>\n","protected":false},"excerpt":{"rendered":"<p>BAMBLUE BOUTIQUE APARTMENTS INFORME QUE TOUTES LES DONN\u00c9ES PERSONNELLES FOURNIES PAR CE SITE WEB SERONT TRAIT\u00c9ES DE MANI\u00c8RE CONFIDENTIELLE ET CONFORM\u00c9MENT AUX DISPOSITIONS DE LA LOI ORGANIQUE 3\/2018 DU 5 D\u00c9CEMBRE SUR LA PROTECTION DES DONN\u00c9ES PERSONNELLES ET LA GARANTIE DES DROITS DONNEES NUM\u00c9RIQUES, COMME AINSI QUE LE R\u00c8GLEMENT (UE) 2016\/678 DU PARLEMENT EUROP\u00c9EN ET &#8230; <a title=\"politique de confidentialit\u00e9\" class=\"read-more\" href=\"https:\/\/staylonger.bamblueapartments.com\/fr\/politique-de-confidentialite\/\" aria-label=\"En savoir plus sur politique de confidentialit\u00e9\">Lire la suite<\/a><\/p>\n","protected":false},"author":1,"featured_media":0,"parent":0,"menu_order":93,"comment_status":"closed","ping_status":"closed","template":"page-basic.php","meta":{"_acf_changed":false,"footnotes":""},"class_list":["post-933","page","type-page","status-publish"],"acf":[],"aioseo_notices":[],"_links":{"self":[{"href":"https:\/\/staylonger.bamblueapartments.com\/fr\/wp-json\/wp\/v2\/pages\/933","targetHints":{"allow":["GET"]}}],"collection":[{"href":"https:\/\/staylonger.bamblueapartments.com\/fr\/wp-json\/wp\/v2\/pages"}],"about":[{"href":"https:\/\/staylonger.bamblueapartments.com\/fr\/wp-json\/wp\/v2\/types\/page"}],"author":[{"embeddable":true,"href":"https:\/\/staylonger.bamblueapartments.com\/fr\/wp-json\/wp\/v2\/users\/1"}],"replies":[{"embeddable":true,"href":"https:\/\/staylonger.bamblueapartments.com\/fr\/wp-json\/wp\/v2\/comments?post=933"}],"version-history":[{"count":0,"href":"https:\/\/staylonger.bamblueapartments.com\/fr\/wp-json\/wp\/v2\/pages\/933\/revisions"}],"wp:attachment":[{"href":"https:\/\/staylonger.bamblueapartments.com\/fr\/wp-json\/wp\/v2\/media?parent=933"}],"curies":[{"name":"wp","href":"https:\/\/api.w.org\/{rel}","templated":true}]}}