{"id":922,"date":"2024-09-03T07:41:58","date_gmt":"2024-09-03T05:41:58","guid":{"rendered":"https:\/\/staylonger.bamblueapartments.com\/mentions-legales\/"},"modified":"2024-09-03T07:41:58","modified_gmt":"2024-09-03T05:41:58","slug":"mentions-legales","status":"publish","type":"page","link":"https:\/\/staylonger.bamblueapartments.com\/fr\/mentions-legales\/","title":{"rendered":"Mentions l\u00e9gales"},"content":{"rendered":"<p>Conform\u00e9ment aux dispositions du R\u00e8glement G\u00e9n\u00e9ral sur la Protection des Donn\u00e9es, nous vous informons que nous traiterons vos donn\u00e9es personnelles dans le but de :<\/p>\n<ul>\n<li>Vous informer sur les produits ou services publi\u00e9s sur notre site Internet.<\/li>\n<li>Pouvoir offrir une attention personnalis\u00e9e et envoyer notre newsletter.<\/li>\n<li>Pr\u00e9voir une section contact avec l\u2019entreprise.<\/li>\n<\/ul>\n<p>Les donn\u00e9es personnelles fournies seront conserv\u00e9es aussi longtemps que la relation commerciale est maintenue, que leur suppression n&rsquo;est pas demand\u00e9e par l&rsquo;int\u00e9ress\u00e9, ou pendant 1 an \u00e0 compter de la derni\u00e8re confirmation d&rsquo;int\u00e9r\u00eat, ou pendant le temps n\u00e9cessaire au respect des obligations l\u00e9gales. L&rsquo;entreprise ne prendra PAS de d\u00e9cisions automatis\u00e9es. Les donn\u00e9es ne seront pas transf\u00e9r\u00e9es \u00e0 des tiers, sauf dans les cas o\u00f9 il existe une obligation l\u00e9gale et nous les traiterons sur la base de votre consentement. De m\u00eame, nous vous informons de la possibilit\u00e9 d&rsquo;exercer les droits suivants sur vos donn\u00e9es personnelles : droit d&rsquo;acc\u00e8s, de rectification, de suppression ou d&rsquo;oubli, de limitation, d&rsquo;opposition, de portabilit\u00e9 et de retrait du consentement donn\u00e9, pour ce faire vous pouvez envoyer un email \u00e0: <strong><a href=\"mailto:hola@bamblueapartments.com\">hola@bamblueapartments.com<\/a><\/strong> En outre, l&rsquo;int\u00e9ress\u00e9 peut contacter l&rsquo;autorit\u00e9 de contr\u00f4le de protection des donn\u00e9es comp\u00e9tente pour obtenir des informations compl\u00e9mentaires ou d\u00e9poser une r\u00e9clamation.  <\/p>\n<p>Conform\u00e9ment \u00e0 l&rsquo;article 10 de la loi 34\/2002 du 11 juillet sur les services de la soci\u00e9t\u00e9 de l&rsquo;information et du commerce \u00e9lectronique (LSSICE), les donn\u00e9es <strong>d&rsquo;identification de l&rsquo;entreprise<\/strong> sont d\u00e9taill\u00e9es ci-dessous :<\/p>\n<p>Nom de l&rsquo;entreprise: <strong>Bamblue Boutique Apartments<\/strong><br \/>\nNom de l&rsquo;entreprise: <strong>HOTELES TUR\u00cdSTICOS, SA<\/strong><br \/>\nCIF: <strong>A08335135<\/strong><br \/>\nAdresse: <strong>C\/ Rambla de Catalunya, 40 \u2013 08397 Pineda de Mar<\/strong><br \/>\nT\u00e9l\u00e9phone: <strong><a href=\"tel:658274713\" target=\"_blank\" rel=\"noopener\">658 274 713<\/a><\/strong><br \/>\nEmail: <strong><a href=\"mailto:hola@bamblueapartments.com\">hola@bamblueapartments.com<\/a><\/strong><br \/>\nRegistre du commerce de G\u00e9rone:<strong>XXXXX<\/strong><\/p>\n<p><strong>OBJECTIF DU SITE WEB<\/strong><\/p>\n<p>Vous informer sur les produits ou services publi\u00e9s sur notre site Internet. Pour pouvoir vous offrir une attention personnalis\u00e9e et vous envoyer notre newsletter. Mettre \u00e0 votre disposition une rubrique contact avec l\u2019entreprise. Les pr\u00e9sentes mentions l\u00e9gales (ci-apr\u00e8s, les \u00ab Mentions L\u00e9gales \u00bb) r\u00e9gissent l&rsquo;utilisation du site internet : <a href=\"http:\/\/staylonger.bamblueapartments.com\" target=\"_blank\" rel=\"noopener\">staylonger.bamblueapartments.com<\/a>  <\/p>\n<p><strong>L\u00c9GISLATION<\/strong><\/p>\n<p>De mani\u00e8re g\u00e9n\u00e9rale, les relations entre HOTELES TUR\u00cdSTICOS, SA (Bamblue Boutique Apartments) avec les utilisateurs de ses services t\u00e9l\u00e9matiques, pr\u00e9sents sur ce site Internet, sont soumises \u00e0 la l\u00e9gislation et \u00e0 la juridiction espagnole.<\/p>\n<p><strong>UTILISATION ET ACC\u00c8S DES UTILISATEURS<\/strong><\/p>\n<p>L&rsquo;Utilisateur est inform\u00e9 et accepte que l&rsquo;acc\u00e8s \u00e0 ce site Web n&rsquo;implique en aucun cas le d\u00e9but d&rsquo;une relation commerciale avec HOTELES TUR\u00cdSTICOS, SA (Bamblue Boutique Apartments) ou l&rsquo;une de ses d\u00e9l\u00e9gations.<\/p>\n<p><strong>PROPRI\u00c9T\u00c9 INTELLECTUELLE ET INDUSTRIELLE<\/strong><\/p>\n<p>Les droits de propri\u00e9t\u00e9 intellectuelle du contenu des pages Web, leur conception graphique et leurs codes sont la propri\u00e9t\u00e9 de HOTELES TUR\u00cdSTICOS, SA (Bamblue Boutique Apartments) et, par cons\u00e9quent, leur reproduction, distribution, communication publique, transformation ou toute autre activit\u00e9 qui peut \u00eatre r\u00e9alis\u00e9e. avec le contenu de ses pages Web, sans m\u00eame citer les sources, sauf avec le consentement \u00e9crit de HOTELES TUR\u00cdSTICOS, SA (Bamblue Boutique Apartments).<\/p>\n<p><strong>CONTENU WEB ET LIENS<\/strong><\/p>\n<p>HOTELES TUR\u00cdSTICOS, SA (Bamblue Boutique Apartments) se r\u00e9serve le droit de mettre \u00e0 jour, de modifier ou de supprimer les informations contenues sur ses pages Web, et peut m\u00eame limiter ou interdire l&rsquo;acc\u00e8s \u00e0 ces informations \u00e0 certains utilisateurs.<\/p>\n<p><strong>HOTELES TUR\u00cdSTICOS, SA (Bamblue Boutique Apartments) n&rsquo;assume aucune responsabilit\u00e9 quant aux informations contenues dans les pages Web de tiers accessibles via des \u00ab liens \u00bb ou des liens \u00e0 partir de toute page Web appartenant \u00e0 HOTELES TUR\u00cdSTICOS, SA (Bamblue Boutique Apartments). La pr\u00e9sence de \u00ab liens \u00bb sur les pages Web de HOTELES TUR\u00cdSTICOS, SA (Bamblue Boutique Apartments) est \u00e0 des fins purement informatives et n&rsquo;implique en aucun cas une suggestion, une invitation ou une recommandation \u00e0 leur sujet. <\/strong><\/p>\n","protected":false},"excerpt":{"rendered":"<p>Conform\u00e9ment aux dispositions du R\u00e8glement G\u00e9n\u00e9ral sur la Protection des Donn\u00e9es, nous vous informons que nous traiterons vos donn\u00e9es personnelles dans le but de : Vous informer sur les produits ou services publi\u00e9s sur notre site Internet. Pouvoir offrir une attention personnalis\u00e9e et envoyer notre newsletter. Pr\u00e9voir une section contact avec l\u2019entreprise. Les donn\u00e9es personnelles &#8230; <a title=\"Mentions l\u00e9gales\" class=\"read-more\" href=\"https:\/\/staylonger.bamblueapartments.com\/fr\/mentions-legales\/\" aria-label=\"En savoir plus sur Mentions l\u00e9gales\">Lire la suite<\/a><\/p>\n","protected":false},"author":1,"featured_media":0,"parent":0,"menu_order":92,"comment_status":"closed","ping_status":"closed","template":"page-basic.php","meta":{"_acf_changed":false,"footnotes":""},"class_list":["post-922","page","type-page","status-publish"],"acf":[],"aioseo_notices":[],"_links":{"self":[{"href":"https:\/\/staylonger.bamblueapartments.com\/fr\/wp-json\/wp\/v2\/pages\/922","targetHints":{"allow":["GET"]}}],"collection":[{"href":"https:\/\/staylonger.bamblueapartments.com\/fr\/wp-json\/wp\/v2\/pages"}],"about":[{"href":"https:\/\/staylonger.bamblueapartments.com\/fr\/wp-json\/wp\/v2\/types\/page"}],"author":[{"embeddable":true,"href":"https:\/\/staylonger.bamblueapartments.com\/fr\/wp-json\/wp\/v2\/users\/1"}],"replies":[{"embeddable":true,"href":"https:\/\/staylonger.bamblueapartments.com\/fr\/wp-json\/wp\/v2\/comments?post=922"}],"version-history":[{"count":0,"href":"https:\/\/staylonger.bamblueapartments.com\/fr\/wp-json\/wp\/v2\/pages\/922\/revisions"}],"wp:attachment":[{"href":"https:\/\/staylonger.bamblueapartments.com\/fr\/wp-json\/wp\/v2\/media?parent=922"}],"curies":[{"name":"wp","href":"https:\/\/api.w.org\/{rel}","templated":true}]}}