{"id":824,"date":"2024-09-02T20:06:10","date_gmt":"2024-09-02T18:06:10","guid":{"rendered":"https:\/\/staylonger.bamblueapartments.com\/termes-et-conditions\/"},"modified":"2024-09-02T20:06:10","modified_gmt":"2024-09-02T18:06:10","slug":"termes-et-conditions","status":"publish","type":"page","link":"https:\/\/staylonger.bamblueapartments.com\/fr\/termes-et-conditions\/","title":{"rendered":"Termes et conditions"},"content":{"rendered":"<p><strong>D\u00e9p\u00f4t de garantie<\/strong><\/p>\n<p>Une caution de 500 euros sera retenue via la carte bancaire \u00e0 titre de d\u00e9p\u00f4t de garantie au moment de l&rsquo;entr\u00e9e et sera restitu\u00e9e dans les 7 jours calendaires suivant le d\u00e9part du client si le r\u00e8glement est respect\u00e9 et apr\u00e8s v\u00e9rification de l&rsquo;\u00e9tat de l&rsquo;appartement. La carte de cr\u00e9dit fournie servira uniquement de garantie pour la r\u00e9servation.<\/p>\n<p><strong>Rabais applicables<\/strong><\/p>\n<p>10% de r\u00e9duction pour les s\u00e9jours de 60 jours ou plus.<br \/>\n15% de r\u00e9duction pour les s\u00e9jours de 90 jours ou plus.<br \/>\nRemise sp\u00e9ciale de 7% pour les membres du Bamblue Members Club.<\/p>\n<p><strong>Inclus dans le s\u00e9jour<\/strong><\/p>\n<p>Fournitures : eau, \u00e9lectricit\u00e9 et WiFi haut d\u00e9bit (consommation maximale 100 kw d&rsquo;\u00e9nergie et 5 m3 d&rsquo;eau par personne\/mois).<br \/>\n\u00c9quipements cuisine (ustensiles de cuisine, lave-vaisselle, plaque vitroc\u00e9ramique, micro-ondes-grill, r\u00e9frig\u00e9rateur-cong\u00e9lateur, cafeti\u00e8re \u00e0 capsules, bouilloire et grille-pain)<br \/>\nServiettes et literie.<br \/>\nChangement de linge hebdomadaire inclus<br \/>\nService de m\u00e9nage hebdomadaire (sauf cuisine) inclus.<br \/>\nUtilisation incluse des services de barbecue et de piscine.<br \/>\nTarifs sp\u00e9ciaux pour le stationnement sur place.<\/p>\n<p><strong>Politique de paiement et d&rsquo;annulation<\/strong><\/p>\n<p>Le montant total doit \u00eatre pay\u00e9 dans les 5 jours avant l&rsquo;arriv\u00e9e.<br \/>\nSi la r\u00e9servation est annul\u00e9e 5 jours ou plus \u00e0 l&rsquo;avance, aucun frais d&rsquo;annulation ne sera appliqu\u00e9.<br \/>\nSi la r\u00e9servation est annul\u00e9e avec un pr\u00e9avis de 5 jours ou moins, les frais d&rsquo;annulation s&rsquo;\u00e9l\u00e8veront \u00e0 100 % du montant total.<br \/>\nAucun remboursement ne sera effectu\u00e9 en cas de non-pr\u00e9sentation ou de d\u00e9part anticip\u00e9.<\/p>\n<p><strong>Taxe de s\u00e9jour<\/strong><\/p>\n<p>La taxe de s\u00e9jour, non incluse dans le prix, est une taxe du gouvernement r\u00e9gional que nous devons percevoir lors du s\u00e9jour. Le montant est de 0,66 \u20ac par adulte (+16) et par nuit, avec un maximum de 7 nuits (soit un maximum de 4,62 \u20ac par personne). <\/p>\n<p><strong>Enregistrement des occupants<\/strong><\/p>\n<p>Conform\u00e9ment \u00e0 la r\u00e9glementation en vigueur, les autorit\u00e9s locales et r\u00e9gionales imposent l&rsquo;enregistrement obligatoire de tous les occupants. Le nombre de personnes s\u00e9journant ne doit pas d\u00e9passer le maximum indiqu\u00e9 dans la r\u00e9servation initiale. Toute incorporation de nouveaux visiteurs doit \u00eatre imm\u00e9diatement signal\u00e9e \u00e0 la r\u00e9ception pour leur inscription correspondante et le paiement du suppl\u00e9ment pour le s\u00e9jour.<\/p>\n<p><strong>R\u00e8gles de comportement de base<\/strong><\/p>\n<p>Le client laissera les meubles dans les m\u00eames conditions de conservation et de disposition qu&rsquo;au moment de la livraison de l&rsquo;appartement. Il est \u00e9galement de votre responsabilit\u00e9 de maintenir un nettoyage ad\u00e9quat de l&rsquo;appartement et de d\u00e9poser les d\u00e9chets dans les conteneurs pr\u00e9vus \u00e0 l&rsquo;ext\u00e9rieur de l&rsquo;immeuble. Il est interdit d&rsquo;organiser des f\u00eates ou des \u00e9v\u00e9nements dans l&rsquo;appartement. Les heures de calme nocturne doivent \u00eatre respect\u00e9es. Le non-respect de cette r\u00e8gle peut donner lieu \u00e0 un signalement aux autorit\u00e9s comp\u00e9tentes. Il est interdit de fumer et\/ou de modifier les d\u00e9tecteurs d&rsquo;incendie. Amende 500 + rapport aux autorit\u00e9s. Les espaces communs ext\u00e9rieurs seront maintenus propres, en collectant les fournitures et les d\u00e9chets que nous pourrions laisser derri\u00e8re nous. <\/p>\n","protected":false},"excerpt":{"rendered":"<p>D\u00e9p\u00f4t de garantie Une caution de 500 euros sera retenue via la carte bancaire \u00e0 titre de d\u00e9p\u00f4t de garantie au moment de l&rsquo;entr\u00e9e et sera restitu\u00e9e dans les 7 jours calendaires suivant le d\u00e9part du client si le r\u00e8glement est respect\u00e9 et apr\u00e8s v\u00e9rification de l&rsquo;\u00e9tat de l&rsquo;appartement. La carte de cr\u00e9dit fournie servira &#8230; <a title=\"Termes et conditions\" class=\"read-more\" href=\"https:\/\/staylonger.bamblueapartments.com\/fr\/termes-et-conditions\/\" aria-label=\"En savoir plus sur Termes et conditions\">Lire la suite<\/a><\/p>\n","protected":false},"author":1,"featured_media":0,"parent":0,"menu_order":90,"comment_status":"closed","ping_status":"closed","template":"page-basic.php","meta":{"_acf_changed":false,"footnotes":""},"class_list":["post-824","page","type-page","status-publish"],"acf":[],"aioseo_notices":[],"_links":{"self":[{"href":"https:\/\/staylonger.bamblueapartments.com\/fr\/wp-json\/wp\/v2\/pages\/824","targetHints":{"allow":["GET"]}}],"collection":[{"href":"https:\/\/staylonger.bamblueapartments.com\/fr\/wp-json\/wp\/v2\/pages"}],"about":[{"href":"https:\/\/staylonger.bamblueapartments.com\/fr\/wp-json\/wp\/v2\/types\/page"}],"author":[{"embeddable":true,"href":"https:\/\/staylonger.bamblueapartments.com\/fr\/wp-json\/wp\/v2\/users\/1"}],"replies":[{"embeddable":true,"href":"https:\/\/staylonger.bamblueapartments.com\/fr\/wp-json\/wp\/v2\/comments?post=824"}],"version-history":[{"count":0,"href":"https:\/\/staylonger.bamblueapartments.com\/fr\/wp-json\/wp\/v2\/pages\/824\/revisions"}],"wp:attachment":[{"href":"https:\/\/staylonger.bamblueapartments.com\/fr\/wp-json\/wp\/v2\/media?parent=824"}],"curies":[{"name":"wp","href":"https:\/\/api.w.org\/{rel}","templated":true}]}}