{"id":797,"date":"2024-09-03T07:43:22","date_gmt":"2024-09-03T05:43:22","guid":{"rendered":"https:\/\/staylonger.bamblueapartments.com\/politica-de-privadesa\/"},"modified":"2024-09-03T07:43:22","modified_gmt":"2024-09-03T05:43:22","slug":"politica-de-privadesa","status":"publish","type":"page","link":"https:\/\/staylonger.bamblueapartments.com\/ca\/politica-de-privadesa\/","title":{"rendered":"Pol\u00edtica de privadesa"},"content":{"rendered":"<p><strong>BAMBLUE BOUTIQUE APARTMENTS INFORMA QUE TOTES LES DADES PERSONALS PROPORCIONADES A TRAV\u00c9S D&#8217;AQUESTA P\u00c0GINA WEB SERAN TRACTADES DE MANERA CONFIDENCIAL I D&#8217;ACORD AMB L&#8217;ESTABLERT A LA LLEI ORG\u00c0NICA 3\/2018, DE5 DELS DRETS DIGITALS, AIX\u00cd COM EN EL REGLAMENT (UE) 2016\/678 DEL PARLAMENT EUROPEU I DEL CONSELL, DE 27 D&#8217;ABRIL DE 2016, RELATIU A LA PROTECCI\u00d3 DE LES PERSONES F\u00cdSIQUES EN EL QUE RESPECTA AL TRACTAMENT DE DADES LA DADES.<\/strong><\/p>\n<p>Bamblue Boutique Apartments informa que totes les dades personals proporcionades a trav\u00e9s d&#8217;aquesta p\u00e0gina web seran tractades de manera confidencial i d&#8217;acord amb all\u00f2 establert a la Llei Org\u00e0nica 3\/2018, de 5 de desembre, de Protecci\u00f3 de Dades Personals i garantia dels drets digitals, aix\u00ed com al Reglament (UE) 2016\/678 del Parlament Europeu i del Consell, de 27 d&#8217;abril de 2016, relatiu a la protecci\u00f3 de les persones f\u00edsiques pel que fa al tractament de dades personals ia la lliure circulaci\u00f3 d&#8217;aquests dades.<\/p>\n<p><strong>Qui \u00e9s responsable del tractament de les seves dades?<\/strong><br \/>\nLes dades facilitades seran tractades per HOTELES TUR\u00cdSTICOS, SA prove\u00efda de CIF A08335135 i amb domicili a Rambla de Catalunya, 40 &#8211; 08397 Pineda de Mar.<\/p>\n<p><strong>Amb quina finalitat recopilem les vostres dades?<\/strong><br \/>\nRecaptem les vostres dades personals per gestionar les vostres reserves en l\u00ednia. Aix\u00ed mateix, podrem enviar informaci\u00f3 comercial a trav\u00e9s de correu electr\u00f2nic sobre les nostres promocions, novetats i serveis. <\/p>\n<p><strong>\u00bfQuines dades tractem i de quina font s&#8217;obtenen?<\/strong><br \/>\nLes dades identificatives tractades; nom i cognoms, correu electr\u00f2nic, adre\u00e7a, pa\u00eds, codi postal i tel\u00e8fon de contacte s\u00f3n els que l&#8217;usuari facilita a trav\u00e9s del formulari de reserves.<\/p>\n<p><strong>Quina \u00e9s la legitimaci\u00f3 legal per al tractament de les vostres dades?<\/strong><br \/>\nLa base legal per al tractament de les dades \u00e9s l&#8217;execuci\u00f3 del formulari a la Web de BA (apartat de \u201cReservar\/Dades personals\u201d). Aquest formulari el realitza l&#8217;interessat i amb aix\u00f2 d\u00f3na el ple consentiment per al tractament de les dades personals. En cas d&#8217;oposar-se i no autoritzar el tractament de les vostres dades personals, no podrem prestar-vos el servei de reserva online. <\/p>\n<p><strong>Durant quant de temps conservem les vostres dades personals?<\/strong><br \/>\nLes dades personals proporcionades es conservaran durant el temps necessari per donar compliment a les obligacions legals i contractuals segons la normativa vigent a cada moment i mentre que us enviem informaci\u00f3 comercial i l&#8217;interessat no sol\u00b7licite la supressi\u00f3 o oposici\u00f3.<\/p>\n<p><strong>A quins destinataris es comunicaran les vostres dades?<\/strong><br \/>\nNo cedirem les vostres dades personals a tercers excepte en els casos en qu\u00e8 estiguem obligats per llei o vost\u00e8 mateix ens autoritzi. Per poder prestar-li un servei adequat, BA podr\u00e0 comunicar les dades a prove\u00efdors de confian\u00e7a. <strong>Quins s\u00f3n els drets dels usuaris?<\/strong><br \/>\nSi ho desitgeu podeu revocar el consentiment facilitat i\/o exercir els vostres drets d&#8217;acc\u00e9s, rectificaci\u00f3, supressi\u00f3, oposici\u00f3, limitaci\u00f3 del tractament i\/o portabilitat de les dades mitjan\u00e7ant escrit a trav\u00e9s del correu electr\u00f2nic <a href=\"mailto:hola@bamblueapartments.com\">hola@bamblueapartments.com.<\/a> <\/p>\n","protected":false},"excerpt":{"rendered":"<p>BAMBLUE BOUTIQUE APARTMENTS INFORMA QUE TOTES LES DADES PERSONALS PROPORCIONADES A TRAV\u00c9S D&#8217;AQUESTA P\u00c0GINA WEB SERAN TRACTADES DE MANERA CONFIDENCIAL I D&#8217;ACORD AMB L&#8217;ESTABLERT A LA LLEI ORG\u00c0NICA 3\/2018, DE5 DELS DRETS DIGITALS, AIX\u00cd COM EN EL REGLAMENT (UE) 2016\/678 DEL PARLAMENT EUROPEU I DEL CONSELL, DE 27 D&#8217;ABRIL DE 2016, RELATIU A LA PROTECCI\u00d3 &#8230; <a title=\"Pol\u00edtica de privadesa\" class=\"read-more\" href=\"https:\/\/staylonger.bamblueapartments.com\/ca\/politica-de-privadesa\/\" aria-label=\"M\u00e9s informaci\u00f3 sobre Pol\u00edtica de privadesa\">Llegiu m\u00e9s<\/a><\/p>\n","protected":false},"author":1,"featured_media":0,"parent":0,"menu_order":93,"comment_status":"closed","ping_status":"closed","template":"page-basic.php","meta":{"_acf_changed":false,"footnotes":""},"class_list":["post-797","page","type-page","status-publish"],"acf":[],"aioseo_notices":[],"_links":{"self":[{"href":"https:\/\/staylonger.bamblueapartments.com\/ca\/wp-json\/wp\/v2\/pages\/797","targetHints":{"allow":["GET"]}}],"collection":[{"href":"https:\/\/staylonger.bamblueapartments.com\/ca\/wp-json\/wp\/v2\/pages"}],"about":[{"href":"https:\/\/staylonger.bamblueapartments.com\/ca\/wp-json\/wp\/v2\/types\/page"}],"author":[{"embeddable":true,"href":"https:\/\/staylonger.bamblueapartments.com\/ca\/wp-json\/wp\/v2\/users\/1"}],"replies":[{"embeddable":true,"href":"https:\/\/staylonger.bamblueapartments.com\/ca\/wp-json\/wp\/v2\/comments?post=797"}],"version-history":[{"count":0,"href":"https:\/\/staylonger.bamblueapartments.com\/ca\/wp-json\/wp\/v2\/pages\/797\/revisions"}],"wp:attachment":[{"href":"https:\/\/staylonger.bamblueapartments.com\/ca\/wp-json\/wp\/v2\/media?parent=797"}],"curies":[{"name":"wp","href":"https:\/\/api.w.org\/{rel}","templated":true}]}}