{"id":796,"date":"2024-09-03T07:43:39","date_gmt":"2024-09-03T05:43:39","guid":{"rendered":"https:\/\/staylonger.bamblueapartments.com\/politica-de-cookies\/"},"modified":"2024-09-03T07:43:39","modified_gmt":"2024-09-03T05:43:39","slug":"politica-de-cookies","status":"publish","type":"page","link":"https:\/\/staylonger.bamblueapartments.com\/ca\/politica-de-cookies\/","title":{"rendered":"Pol\u00edtica de cookies"},"content":{"rendered":"<p>En <strong>HOTELES TUR\u00cdSTICOS, SA<\/strong> utilitzem cookies amb l&#8217;objectiu de prestar un millor servei i proporcionar-vos una millor experi\u00e8ncia en la vostra navegaci\u00f3. Volem informar-ho de manera clara i precisa sobre les galetes que utilitzem, detallant a continuaci\u00f3, qu\u00e8 \u00e9s una galeta, perqu\u00e8 serveix, quins tipus de galetes utilitzem, quines s\u00f3n les seves finalitats i com les pot configurar o deshabilitar si aix\u00ed ho desitja. <\/p>\n<p><strong>QU\u00c9 SON LAS COOKIES?<\/strong><\/p>\n<p>Una galeta \u00e9s un fitxer que es descarrega al vostre ordinador en accedir a determinades p\u00e0gines web. Les cookies permeten en una p\u00e0gina web, entre altres coses, emmagatzemar i recuperar informaci\u00f3 sobre els h\u00e0bits de navegaci\u00f3 d&#8217;un usuari o del seu equip i, depenent de la informaci\u00f3 que continguin i de la manera com utilitzi el seu equip, es poden utilitzar per recon\u00e8ixer a l&#8217;usuari. El conjunt de \u201ccookies\u201d de tots els nostres usuaris ens ajuda a millorar la qualitat de la nostra web, permetent controlar quines p\u00e0gines s\u00f3n \u00fatils, qu\u00e8 no i qu\u00e8 s\u00f3n susceptibles de millora. Les galetes s\u00f3n essencials per al funcionament d&#8217;internet, aportant innombrables avantatges en la prestaci\u00f3 de serveis interactius, facilitant-te la navegaci\u00f3 i usabilitat de la nostra web. En cap cas les galetes podrien fer malb\u00e9 el seu equip. Per contra, el que estiguin actives ens ajuda a identificar i resoldre els errors. Les galetes no us identifiquen personalment i no suposen cap risc per al vostre ordinador o dispositiu m\u00f2bil. No s\u00f3n virus ni programari espia. Simplement s\u00f3n eines utilitzades pels llocs web que visita per millorar la vostra navegaci\u00f3, perqu\u00e8 les vostres dades viatgin per la xarxa segures, per ajudar-nos a entendre quina informaci\u00f3 de la nostra web \u00e9s m\u00e9s \u00fatil per als nostres usuaris o per saber quines ofertes poden ser de l&#8217;inter\u00e8s de cada usuari. I tot aix\u00f2 d&#8217;una manera totalment an\u00f2nima: mai no en sabrem el nom, l&#8217;adre\u00e7a o el tel\u00e8fon llevat que ens ho faciliti. Vost\u00e8 decideix si permet o no les galetes, per\u00f2 si decideix no permetre-les, ha de bloquejar-les al navegador. Abans de bloquejar-les, volem ajudar-lo millor a entendre com es fan servir les galetes. <\/p>\n<p><strong>TIPUS DE COOKIES<\/strong><\/p>\n<p>Segons l&#8217;entitat que la gestiona, les galetes poden ser:<\/p>\n<ul>\n<li><strong>Cookies propias:<\/strong> S\u00f3n aquelles que s&#8217;envien al vostre equip des dels nostres propis equips o dominis i des del qual prestem el servei que ens sol\u00b7licita.<\/li>\n<li><strong>Cookies de tercers:<\/strong> S\u00f3n aquelles que s&#8217;envien al vostre equip des d&#8217;un equip o domini que no \u00e9s gestionat per nosaltres, sin\u00f3 per una altra entitat col\u00b7laboradora..<br \/>\nSegons el termini de temps que romanen activades:<\/li>\n<li><strong>Cookies de sessi\u00f3:<\/strong> S\u00f3n cookies temporals que romanen a l&#8217;arxiu de cookies del vostre navegador fins que abandona la p\u00e0gina web, per la qual cosa cap queda registrada al disc dur del vostre ordinador. La informaci\u00f3 obtinguda per mitj\u00e0 d&#8217;aquestes galetes serveixen per analitzar pautes de tr\u00e0nsit a la web. A la llarga, aix\u00f2 ens permet proporcionar una millor experi\u00e8ncia per millorar-ne el contingut i facilitar-ne l&#8217;\u00fas.  <\/li>\n<li><strong>Cookies persistents:<\/strong> S\u00f3n emmagatzemades al disc dur i la nostra web les llegeix cada vegada que realitza una nova visita. Una web permanent t\u00e9 una data d&#8217;expiraci\u00f3 determinada. La galeta deixar\u00e0 de funcionar despr\u00e9s d&#8217;aquesta data. Aquestes galetes les utilitzem, generalment, per facilitar els serveis de compra i registre.   <\/li>\n<\/ul>\n<p>Segons la finalitat:<\/p>\n<ul>\n<li><strong>Cookies t\u00e8cniques:<\/strong> S\u00f3n aquelles necess\u00e0ries per a la navegaci\u00f3 i el bon funcionament de la nostra p\u00e0gina web. Permeten, per exemple, controlar el tr\u00e0nsit i la comunicaci\u00f3 de dades, accedir a parts d&#8217;acc\u00e9s restringit, utilitzar elements de seguretat, emmagatzemar continguts per difondre v\u00eddeos o compartir continguts a trav\u00e9s de xarxes socials. <\/li>\n<li><strong>Cookies d&#8217;an\u00e0lisi:<\/strong> S\u00f3n aquelles que s\u00f3n tractades per nosaltres o per tercers, ens permeten quantificar el nombre d&#8217;usuaris i aix\u00ed realitzar el mesurament i l&#8217;an\u00e0lisi estad\u00edstica de la utilitzaci\u00f3 que fan els usuaris del servei ofert. Per a aix\u00f2 s&#8217;analitza la navegaci\u00f3 a la nostra p\u00e0gina web per tal de millorar-la. <\/li>\n<li><strong>Cookies de personalitzaci\u00f3:<\/strong> S\u00f3n aquelles que us permeten accedir al servei amb unes caracter\u00edstiques predefinides en funci\u00f3 d&#8217;una s\u00e8rie de criteris, com ara l&#8217;idioma, el tipus de navegador a trav\u00e9s del qual s&#8217;accedeix al servei, la configuraci\u00f3 regional des d&#8217;on s&#8217;accedeix al servei, etc.<\/li>\n<li><strong>Cookies publicit\u00e0ries: <\/strong>S\u00f3n aquelles que permeten la gesti\u00f3 de la manera m\u00e9s efica\u00e7 possible dels espais publicitaris que es poguessin incloure a la nostra p\u00e0gina web.<\/li>\n<li><strong>Cookies de publicitat comportamental:<\/strong> Aquestes galetes emmagatzemen informaci\u00f3 del comportament dels usuaris obtinguda a trav\u00e9s de l&#8217;observaci\u00f3 continuada. Gr\u00e0cies a elles, podem con\u00e8ixer els h\u00e0bits de navegaci\u00f3 a internet i mostrar publicitat relacionada amb el seu perfil de navegaci\u00f3. <\/li>\n<\/ul>\n<p><strong>CONFIGURACI\u00d3, DESACTIVACI\u00d3, ELIMINACI\u00d3 O BLOQUEIG LES COOKIES<\/strong><\/p>\n<p>D&#8217;acord de la normativa vigent <strong>HOTELES TUR\u00cdSTICOS, SA<\/strong> l&#8217;informa els seus usuaris de com poden configurar les cookies al seu navegador en relaci\u00f3 amb les seves prefer\u00e8ncies de privadesa i seguretat amb les Cookies. Podeu permetre, bloquejar o eliminar les galetes instal\u00b7lades al vostre equip mitjan\u00e7ant la configuraci\u00f3 de les opcions del vostre navegador d&#8217;Internet. L&#8217;usuari t\u00e9 la possibilitat en tot moment de configurar el vostre navegador per acceptar o rebutjar les cookies, o revocar el vostre consentiment prestat amb anterioritat. En cas que no permeti la instal\u00b7laci\u00f3 de cookies al vostre navegador \u00e9s possible que no pugui accedir a alguns dels serveis i que la seva experi\u00e8ncia a la nostra web pugui resultar menys satisfact\u00f2ria. En els seg\u00fcents enlla\u00e7os teniu a la vostra disposici\u00f3 tota la informaci\u00f3 per configurar o deshabilitar les vostres cookies a cada navegador:<\/p>\n<ul>\n<li>Mozilla Firefox: https:\/\/support.mozilla.org\/es\/kb\/habilitar-y-deshabilitar-cookies-sitios-web-rastrear-preferencias?redirectlocale=es&amp;redirectslug=habilitar-y-deshabilitar-cookies-que-los-sitios-we<\/li>\n<li>Chrome: https:\/\/support.google.com\/chrome\/answer\/95647?hl=es<\/li>\n<li>Internet Explorer: https:\/\/support.microsoft.com\/es-es\/help\/17442\/windows-internet-explorer-delete-manage-cookies<\/li>\n<li>Safari: http:\/\/support.apple.com\/kb\/ph5042<\/li>\n<li>Opera: http:\/\/help.opera.com\/windows\/11.50\/es-es\/cookies.html<\/li>\n<\/ul>\n<p>A <strong>HOTELES TUR\u00cdSTICOS, SA<\/strong> mai guardem les dades personals dels nostres usuaris, a excepci\u00f3 de l&#8217;adre\u00e7a IP d&#8217;acord amb el descrit anteriorment, llevat que es vulgui registrar, de manera volunt\u00e0ria per tal de realitzar compres dels productes i serveis que posem a la seva disposici\u00f3 o rebre informaci\u00f3 sobre promocions i continguts del teu inter\u00e8s. El fet de navegar i continuar a la nostra web sense que hagi realitzat una clara acci\u00f3 afirmativa per la qual presta el seu consentiment de manera lliure i informada, no suposar\u00e0 el consentiment de les cookies utilitzades en aquest lloc web, \u00e9s a dir, en cap cas la mera activitat de l&#8217;usuari implica la prestaci\u00f3 del consentiment per si mateixa, ni la consulta de la segona capa de la Pol\u00edtica de Cookies ni la navegaci\u00f3 necess\u00e0ria perqu\u00e8 l&#8217;usuari gestioni les seves prefer\u00e8ncies en relaci\u00f3 amb les Cookies, sense que aquestes situacions siguin una conducta activa de la qual pugui derivar-se l&#8217;acceptaci\u00f3 de les galetes per a les quals es requereixi la prestaci\u00f3 del consentiment.<\/p>\n<p><strong>RETIRAR EL CONSENTIMENT<\/strong><\/p>\n<p>L&#8217;usuari podr\u00e0 retirar en qualsevol moment el seu consentiment relacionat amb la Pol\u00edtica de Cookies, i podr\u00e0 eliminar les cookies emmagatzemades al seu equip a trav\u00e9s dels ajustaments i configuracions del seu navegador d&#8217;Internet, indicats anteriorment, aix\u00ed com accedint al nostre panell de configuraci\u00f3:<\/p>\n<div style=\"margin-bottom: 15px;\">\n<div data-cky-tag=\"revisit-consent\"><button class=\"btn btn-info btn-a cky-btn-revisit\">Configura cookies<\/button><\/div>\n<\/div>\n<p>Aquesta Pol\u00edtica de Cookies es podr\u00e0 modificar quan aix\u00ed ho exigeixi la legislaci\u00f3 vigent en cada moment o quan hi hagu\u00e9s alguna variaci\u00f3 en el tipus de cookies utilitzades al lloc web. Per aix\u00f2, us recomanem revisar aquesta pol\u00edtica cada vegada que accediu al nostre lloc web amb l&#8217;objectiu d&#8217;estar adequadament informat sobre com i perqu\u00e8 fem servir les cookies. <\/p>\n","protected":false},"excerpt":{"rendered":"<p>En HOTELES TUR\u00cdSTICOS, SA utilitzem cookies amb l&#8217;objectiu de prestar un millor servei i proporcionar-vos una millor experi\u00e8ncia en la vostra navegaci\u00f3. Volem informar-ho de manera clara i precisa sobre les galetes que utilitzem, detallant a continuaci\u00f3, qu\u00e8 \u00e9s una galeta, perqu\u00e8 serveix, quins tipus de galetes utilitzem, quines s\u00f3n les seves finalitats i com &#8230; <a title=\"Pol\u00edtica de cookies\" class=\"read-more\" href=\"https:\/\/staylonger.bamblueapartments.com\/ca\/politica-de-cookies\/\" aria-label=\"M\u00e9s informaci\u00f3 sobre Pol\u00edtica de cookies\">Llegiu m\u00e9s<\/a><\/p>\n","protected":false},"author":1,"featured_media":0,"parent":0,"menu_order":94,"comment_status":"closed","ping_status":"closed","template":"page-basic.php","meta":{"_acf_changed":false,"footnotes":""},"class_list":["post-796","page","type-page","status-publish"],"acf":[],"aioseo_notices":[],"_links":{"self":[{"href":"https:\/\/staylonger.bamblueapartments.com\/ca\/wp-json\/wp\/v2\/pages\/796","targetHints":{"allow":["GET"]}}],"collection":[{"href":"https:\/\/staylonger.bamblueapartments.com\/ca\/wp-json\/wp\/v2\/pages"}],"about":[{"href":"https:\/\/staylonger.bamblueapartments.com\/ca\/wp-json\/wp\/v2\/types\/page"}],"author":[{"embeddable":true,"href":"https:\/\/staylonger.bamblueapartments.com\/ca\/wp-json\/wp\/v2\/users\/1"}],"replies":[{"embeddable":true,"href":"https:\/\/staylonger.bamblueapartments.com\/ca\/wp-json\/wp\/v2\/comments?post=796"}],"version-history":[{"count":0,"href":"https:\/\/staylonger.bamblueapartments.com\/ca\/wp-json\/wp\/v2\/pages\/796\/revisions"}],"wp:attachment":[{"href":"https:\/\/staylonger.bamblueapartments.com\/ca\/wp-json\/wp\/v2\/media?parent=796"}],"curies":[{"name":"wp","href":"https:\/\/api.w.org\/{rel}","templated":true}]}}