{"id":795,"date":"2024-09-03T07:41:58","date_gmt":"2024-09-03T05:41:58","guid":{"rendered":"https:\/\/staylonger.bamblueapartments.com\/avis-legal\/"},"modified":"2024-09-03T07:41:58","modified_gmt":"2024-09-03T05:41:58","slug":"avis-legal","status":"publish","type":"page","link":"https:\/\/staylonger.bamblueapartments.com\/ca\/avis-legal\/","title":{"rendered":"Av\u00eds legal"},"content":{"rendered":"<p>D&#8217;acord amb el que estableix el Reglament General de Protecci\u00f3 de Dades, us informem que tractarem les vostres dades personals amb la finalitat de:<\/p>\n<ul>\n<li>Informar-vos sobre els productes o serveis publicats a la nostra web.<\/li>\n<li>Poder oferir atenci\u00f3 personalitzada i enviar el nostre newsletter.<\/li>\n<li>Proporcionar-vos un apartat de contacte amb l&#8217;empresa.<\/li>\n<\/ul>\n<p>Les dades personals proporcionades es conservaran, mentre es mantingui la relaci\u00f3 mercantil, no se sol\u00b7licite la supressi\u00f3 per l&#8217;interessat, o durant 1 any a partir de la darrera confirmaci\u00f3 d&#8217;inter\u00e8s, o durant el temps necessari per complir les obligacions legals. L&#8217;empresa NO prendr\u00e0 decisions automatitzades. Les dades no se cediran a tercers excepte en els casos en qu\u00e8 hi hagi una obligaci\u00f3 legal i els tractarem sobre la base del seu consentiment. Aix\u00ed mateix, us informem de la possibilitat d&#8217;exercir els seg\u00fcents drets sobre les vostres dades personals: dret d&#8217;acc\u00e9s, rectificaci\u00f3, supressi\u00f3 o oblit, limitaci\u00f3, oposici\u00f3, portabilitat i a retirar el consentiment prestat, per a aix\u00f2 podreu enviar un email a: <strong><a href=\"mailto:hola@bamblueapartments.com\">hola@bamblueapartments.co<\/a><\/strong>m A m\u00e9s, l&#8217;interessat pot dirigir-se a l&#8217;Autoritat de Control en mat\u00e8ria de Protecci\u00f3 de Dades competent per obtenir informaci\u00f3 addicional o presentar una reclamaci\u00f3.  <\/p>\n<p>En compliment de l&#8217;article 10 de la Llei 34\/2002, de 11 de juliol, de Serveis de la Societat de la Informaci\u00f3 i Comer\u00e7 Electr\u00f2nic (LSSICE) a continuaci\u00f3 es detallen les <strong>dades identificatives de l&#8217;empresa:<\/strong><\/p>\n<p>Nom empresa: <strong>Bamblue Boutique Apartments<\/strong><br \/>\nRa\u00f3 social: <strong>HOTELES TUR\u00cdSTICOS, SA<\/strong><br \/>\nCIF: <strong>A08335135<\/strong><br \/>\nAdre\u00e7a: <strong>C\/ Rambla de Catalunya, 40 \u2013 08397 Pineda de Mar<\/strong><br \/>\nTel\u00e8fon: <strong><a href=\"tel:658274713\" target=\"_blank\" rel=\"noopener\">658 274 713<\/a><\/strong><br \/>\nEmail: <strong><a href=\"mailto:hola@bamblueapartments.com\">hola@bamblueapartments.com<\/a><\/strong><br \/>\nRegistre Mercantil de Girona:<strong>XXXXX<\/strong><\/p>\n<p><strong>FINALITAT DE LA P\u00c0GINA WEB<\/strong><\/p>\n<p>Informar-vos sobre els productes o serveis publicats a la nostra web. Poder oferir-vos atenci\u00f3 personalitzada i enviar-vos el nostre newsletter. Proporcionar-vos un apartat de contacte amb l&#8217;empresa. Aquest av\u00eds legal (d&#8217;ara endavant, l&#8217;Av\u00eds Legal) regula l&#8217;\u00fas del lloc web: <a href=\"http:\/\/staylonger.bamblueapartments.com\" target=\"_blank\" rel=\"noopener\">staylonger.bamblueapartments.com<\/a>  <\/p>\n<p><strong>LEGISLACI\u00d3<\/strong><\/p>\n<p>Amb car\u00e0cter general les relacions entre HOTELES TUR\u00cdSTICS, SA (Bamblue Boutique Apartments) amb els Usuaris dels seus serveis telem\u00e0tics, presents en aquest lloc web, estan sotmeses a la legislaci\u00f3 i jurisdicci\u00f3 espanyoles.<\/p>\n<p><strong>\u00daS I ACC\u00c9S D&#8217;USUARIS<\/strong><\/p>\n<p>L&#8217;Usuari queda informat, i accepta, que l&#8217;acc\u00e9s a aquesta web no suposa, de cap manera, l&#8217;inici d&#8217;una relaci\u00f3 comercial amb HOTELES TUR\u00cdSTICOS, SA (Bamblue Boutique Apartments) o qualsevol de les seves delegacions.<\/p>\n<p><strong>PROPIETAT INTEL\u00b7LECTUAL I INDUSTRIAL<\/strong><\/p>\n<p>Els drets de propietat intel\u00b7lectual del contingut de les p\u00e0gines web, el seu disseny gr\u00e0fic i codis s\u00f3n titularitat d&#8217;HOTELES TUR\u00cdSTICOS, SA (Bamblue Boutique Apartments) i, per tant, en queda prohibida la reproducci\u00f3, distribuci\u00f3, comunicaci\u00f3 p\u00fablica, transformaci\u00f3 o qualsevol altra activitat que es pugui realitzar amb els continguts de les seves p\u00e0gines web ni fins i tot citant les fonts, llevat del consentiment per escrit de HOTELES TUR\u00cdSTICOS, SA (Bamblue Boutique Apartments).<\/p>\n<p><strong>CONTINGUT DE LA WEB I ENLLA\u00c7OS (LINKS)<\/strong><\/p>\n<p>HOTELES TUR\u00cdSTICOS, SA (Bamblue Boutique Apartments) es reserva el dret a actualitzar, modificar o eliminar la informaci\u00f3 continguda a les seves p\u00e0gines web i fins i tot pot limitar o no permetre l&#8217;acc\u00e9s a aquesta informaci\u00f3 a certs usuaris.<\/p>\n<p><strong>HOTELES TUR\u00cdSTICOS, SA (Bamblue Boutique Apartments) no assumeix cap responsabilitat per la informaci\u00f3 continguda en p\u00e0gines web de tercers a les quals es pugui accedir per \u201clinks\u201d o enlla\u00e7os des de qualsevol p\u00e0gina web propietat de HOTELS TUR\u00cdSTICOS, SA (Bamblue Boutique Apartments). La pres\u00e8ncia de \u201clinks\u201d o enlla\u00e7os a les p\u00e0gines web d&#8217;HOTELES TUR\u00cdSTICOS, SA (Bamblue Boutique Apartments) t\u00e9 finalitat merament informativa i en cap cas suposa suggeriment, invitaci\u00f3 o recomanaci\u00f3 sobre aquests. <\/strong><\/p>\n","protected":false},"excerpt":{"rendered":"<p>D&#8217;acord amb el que estableix el Reglament General de Protecci\u00f3 de Dades, us informem que tractarem les vostres dades personals amb la finalitat de: Informar-vos sobre els productes o serveis publicats a la nostra web. Poder oferir atenci\u00f3 personalitzada i enviar el nostre newsletter. Proporcionar-vos un apartat de contacte amb l&#8217;empresa. Les dades personals proporcionades &#8230; <a title=\"Av\u00eds legal\" class=\"read-more\" href=\"https:\/\/staylonger.bamblueapartments.com\/ca\/avis-legal\/\" aria-label=\"M\u00e9s informaci\u00f3 sobre Av\u00eds legal\">Llegiu m\u00e9s<\/a><\/p>\n","protected":false},"author":1,"featured_media":0,"parent":0,"menu_order":92,"comment_status":"closed","ping_status":"closed","template":"page-basic.php","meta":{"_acf_changed":false,"footnotes":""},"class_list":["post-795","page","type-page","status-publish"],"acf":[],"aioseo_notices":[],"_links":{"self":[{"href":"https:\/\/staylonger.bamblueapartments.com\/ca\/wp-json\/wp\/v2\/pages\/795","targetHints":{"allow":["GET"]}}],"collection":[{"href":"https:\/\/staylonger.bamblueapartments.com\/ca\/wp-json\/wp\/v2\/pages"}],"about":[{"href":"https:\/\/staylonger.bamblueapartments.com\/ca\/wp-json\/wp\/v2\/types\/page"}],"author":[{"embeddable":true,"href":"https:\/\/staylonger.bamblueapartments.com\/ca\/wp-json\/wp\/v2\/users\/1"}],"replies":[{"embeddable":true,"href":"https:\/\/staylonger.bamblueapartments.com\/ca\/wp-json\/wp\/v2\/comments?post=795"}],"version-history":[{"count":0,"href":"https:\/\/staylonger.bamblueapartments.com\/ca\/wp-json\/wp\/v2\/pages\/795\/revisions"}],"wp:attachment":[{"href":"https:\/\/staylonger.bamblueapartments.com\/ca\/wp-json\/wp\/v2\/media?parent=795"}],"curies":[{"name":"wp","href":"https:\/\/api.w.org\/{rel}","templated":true}]}}