{"id":792,"date":"2024-09-02T20:06:10","date_gmt":"2024-09-02T18:06:10","guid":{"rendered":"https:\/\/staylonger.bamblueapartments.com\/termes-i-condicions\/"},"modified":"2024-09-02T20:06:10","modified_gmt":"2024-09-02T18:06:10","slug":"termes-i-condicions","status":"publish","type":"page","link":"https:\/\/staylonger.bamblueapartments.com\/ca\/termes-i-condicions\/","title":{"rendered":"Termes i condicions"},"content":{"rendered":"<p><strong>Dip\u00f2sit de Seguretat<\/strong><\/p>\n<p>Es retindr\u00e0 un dip\u00f2sit de 500 euros a trav\u00e9s de la targeta banc\u00e0ria en concepte de dip\u00f2sit de seguretat en el moment de l&#8217;entrada i que es tornar\u00e0 els 7 dies naturals seg\u00fcents a la sortida de l&#8217;hoste si es respecten les normes i despr\u00e9s de comprovar l&#8217;estat apartament. La targeta de cr\u00e8dit proporcionada nom\u00e9s s&#8217;utilitzar\u00e0 com a garantia de la reserva.<\/p>\n<p><strong>Descomptes Aplicables<\/strong><\/p>\n<p>10% de descompte per a estades de 60 dies o m\u00e9s.<br \/>\n15% de descompte per a estades de 90 dies o m\u00e9s.<br \/>\nDescompte especial del 7% per a membres del Bamblue Members Club.<\/p>\n<p><strong>Incl\u00f2s a l&#8217;Estada<\/strong><\/p>\n<p>Subministraments: aigua, electricitat i WiFi d&#8217;alta velocitat (consum m\u00e0xim 100 kw d&#8217;energia i 5 m3 d&#8217;aigua per persona\/mes).<br \/>\nEquipament cuina (menatge, rentavaixelles, vitrocer\u00e0mica, microones-grill, nevera-congelador, cafetera de c\u00e0psules, bullidor i torradora)<br \/>\nTovalloles i roba de llit.<br \/>\nCanvi de llen\u00e7ols setmanal incl\u00f2s<br \/>\nServei de neteja (excepte cuina) setmanal incl\u00f2s.<br \/>\n\u00das incl\u00f2s dels serveis de barbacoa i piscina.<br \/>\nTarifes especials per aparcament a l&#8217;establiment.<\/p>\n<p><strong>Pol\u00edtica de pagament i cancel\u00b7laci\u00f3<\/strong><\/p>\n<p>Cal abonar l&#8217;import total en els 5 dies anteriors a l&#8217;arribada.<br \/>\nSi la reserva es cancel\u00b7la amb 5 dies o m\u00e9s d&#8217;antelaci\u00f3, no s&#8217;aplica cap c\u00e0rrec per cancel\u00b7laci\u00f3.<br \/>\nSi la reserva es cancel\u00b7la amb 5 dies o menys d&#8217;antelaci\u00f3, els c\u00e0rrecs per cancel\u00b7laci\u00f3 seran del 100% de l&#8217;import total.<br \/>\nNo es far\u00e0 cap reemborsament en cas de no presentar-se o de sortida anticipada.<\/p>\n<p><strong>Taxa Tur\u00edstica<\/strong><\/p>\n<p>La taxa tur\u00edstica, no inclosa en el preu, \u00e9s un impost del govern auton\u00f2mic que hem de recol\u00b7lectar durant l&#8217;estada. L&#8217;import \u00e9s de 0,66\u20ac per adult (+16) i de nit, amb un m\u00e0xim de 7 nits (\u00e9s a dir, un m\u00e0xim de 4,62\u20ac per persona). <\/p>\n<p><strong>Registre d&#8217;ocupants<\/strong><\/p>\n<p>Dacord amb la normativa vigent, les autoritats locals i auton\u00f2miques exigeixen el registre obligatori de tots els ocupants. El nombre de persones allotjades no ha d&#8217;excedir el m\u00e0xim indicat a la reserva original. Qualsevol incorporaci\u00f3 de nous visitants haur\u00e0 de ser notificada immediatament a la recepci\u00f3 per al registre corresponent i l&#8217;abonament del suplement de l&#8217;estada.<\/p>\n<p><strong>Normes b\u00e0siques de comportament<\/strong><\/p>\n<p>L&#8217;hoste deixar\u00e0 el mobiliari en les mateixes condicions de conservaci\u00f3 i disposici\u00f3 en qu\u00e8 estava al moment del lliurament de l&#8217;apartament. \u00c9s tamb\u00e9 la seva responsabilitat mantenir una neteja adequada de l&#8217;apartament i dipositar les escombraries als contenidors habilitats a l&#8217;exterior de l&#8217;edifici. Es prohibeix la celebraci\u00f3 de festes o esdeveniments a l&#8217;apartament. Cal respectar l&#8217;horari de silenci nocturn. L&#8217;incompliment d&#8217;aquesta norma pot ser motiu de den\u00fancia a les autoritats competents. Es prohibeix fumar i\/o manipular els detectors contra incendis. Multa 500 + den\u00fancia autoritats. Es mantindran nets els espais comuns exteriors, recollint els estris i deixalles que puguem deixar. <\/p>\n","protected":false},"excerpt":{"rendered":"<p>Dip\u00f2sit de Seguretat Es retindr\u00e0 un dip\u00f2sit de 500 euros a trav\u00e9s de la targeta banc\u00e0ria en concepte de dip\u00f2sit de seguretat en el moment de l&#8217;entrada i que es tornar\u00e0 els 7 dies naturals seg\u00fcents a la sortida de l&#8217;hoste si es respecten les normes i despr\u00e9s de comprovar l&#8217;estat apartament. La targeta de &#8230; <a title=\"Termes i condicions\" class=\"read-more\" href=\"https:\/\/staylonger.bamblueapartments.com\/ca\/termes-i-condicions\/\" aria-label=\"M\u00e9s informaci\u00f3 sobre Termes i condicions\">Llegiu m\u00e9s<\/a><\/p>\n","protected":false},"author":1,"featured_media":0,"parent":0,"menu_order":90,"comment_status":"closed","ping_status":"closed","template":"page-basic.php","meta":{"_acf_changed":false,"footnotes":""},"class_list":["post-792","page","type-page","status-publish"],"acf":[],"aioseo_notices":[],"_links":{"self":[{"href":"https:\/\/staylonger.bamblueapartments.com\/ca\/wp-json\/wp\/v2\/pages\/792","targetHints":{"allow":["GET"]}}],"collection":[{"href":"https:\/\/staylonger.bamblueapartments.com\/ca\/wp-json\/wp\/v2\/pages"}],"about":[{"href":"https:\/\/staylonger.bamblueapartments.com\/ca\/wp-json\/wp\/v2\/types\/page"}],"author":[{"embeddable":true,"href":"https:\/\/staylonger.bamblueapartments.com\/ca\/wp-json\/wp\/v2\/users\/1"}],"replies":[{"embeddable":true,"href":"https:\/\/staylonger.bamblueapartments.com\/ca\/wp-json\/wp\/v2\/comments?post=792"}],"version-history":[{"count":0,"href":"https:\/\/staylonger.bamblueapartments.com\/ca\/wp-json\/wp\/v2\/pages\/792\/revisions"}],"wp:attachment":[{"href":"https:\/\/staylonger.bamblueapartments.com\/ca\/wp-json\/wp\/v2\/media?parent=792"}],"curies":[{"name":"wp","href":"https:\/\/api.w.org\/{rel}","templated":true}]}}